{"id":73,"date":"2023-08-18T16:11:49","date_gmt":"2023-08-18T16:11:49","guid":{"rendered":"https:\/\/paksoylojistikbeton.com.tr\/?page_id=73"},"modified":"2023-08-20T06:56:09","modified_gmt":"2023-08-20T06:56:09","slug":"beton-santrali","status":"publish","type":"page","link":"https:\/\/paksoylojistikbeton.com.tr\/?page_id=73","title":{"rendered":"Beton Santrali"},"content":{"rendered":"<table border=\"0\" width=\"659\">\n<tbody>\n<tr>\n<td width=\"400\">Beton \u00fcretim end\u00fcstrisinin \u00e7ok \u00e7e\u015fitli ve zorlu taleplerini kar\u015f\u0131lamak \u00fczere tasarlanm\u0131\u015ft\u0131r. Tesis bile\u015fenlerini olu\u015fturmak i\u00e7in yenilik\u00e7i teknolojiler kullan\u0131yor; kolay ta\u015f\u0131nabilirlik ve h\u0131zl\u0131 nakliyat i\u00e7in tasarl\u0131yoruz.<br \/>\nBeton Santrali ile birlikte piyasadaki en dayan\u0131kl\u0131 ve g\u00fcvenilir harmanlama tesisleri b\u00fcnyemizde bulunmaktad\u0131r. Makinelerimiz tam otomasyona sahip sistemlerdir. Malzemenin besleyicilere geldi\u011fi andan mikserin \u00e7al\u0131\u015fmas\u0131na kadar t\u00fcm s\u00fcre\u00e7 otomatik olarak ger\u00e7ekle\u015ftirilir ve tek bir panel \u00fczerinden kolayca takip edilebilir.<\/td>\n<td width=\"249\"><img loading=\"lazy\" decoding=\"async\" class=\"size-medium wp-image-121 aligncenter\" src=\"https:\/\/paksoylojistikbeton.com.tr\/wp-content\/uploads\/2023\/08\/picture_04-300x207.jpg\" alt=\"\" width=\"300\" height=\"207\" srcset=\"https:\/\/paksoylojistikbeton.com.tr\/wp-content\/uploads\/2023\/08\/picture_04-300x207.jpg 300w, https:\/\/paksoylojistikbeton.com.tr\/wp-content\/uploads\/2023\/08\/picture_04-768x531.jpg 768w, https:\/\/paksoylojistikbeton.com.tr\/wp-content\/uploads\/2023\/08\/picture_04.jpg 1024w\" sizes=\"(max-width: 300px) 100vw, 300px\" \/><\/td>\n<\/tr>\n<tr>\n<td>Bir beton santrali, farkl\u0131 uygulama t\u00fcrleri i\u00e7in beton \u00fcretmek \u00fczere su, hava, \u00e7imentolu kar\u0131\u015f\u0131mlar ve di\u011fer agrega malzemeleri bir araya getiren ekipman kombinasyonudur. Kar\u0131\u015ft\u0131rma tesisi, beton bile\u015fenlerinin ve suyun bir merkezi kar\u0131\u015ft\u0131r\u0131c\u0131da bir kombinasyonudur. Tesiste suyla kar\u0131\u015ft\u0131r\u0131lan kuru beton veya \u0131slak kar\u0131\u015f\u0131m beton \u00fcretebilir. \u00dcretilen beton hammadde tesisinizin sahas\u0131nda kullan\u0131ma haz\u0131rd\u0131r. Sabit beton santralleri, y\u00fcksek \u00fcretim kapasitesi ile \u00e7al\u0131\u015f\u0131r.<\/td>\n<td><img loading=\"lazy\" decoding=\"async\" class=\"size-medium wp-image-100 aligncenter\" src=\"https:\/\/paksoylojistikbeton.com.tr\/wp-content\/uploads\/2023\/08\/picture-01-225x300.jpg\" alt=\"\" width=\"225\" height=\"300\" srcset=\"https:\/\/paksoylojistikbeton.com.tr\/wp-content\/uploads\/2023\/08\/picture-01-225x300.jpg 225w, https:\/\/paksoylojistikbeton.com.tr\/wp-content\/uploads\/2023\/08\/picture-01.jpg 768w\" sizes=\"(max-width: 225px) 100vw, 225px\" \/><\/td>\n<\/tr>\n<tr>\n<td>\u00c7imento silolar\u0131, betonu olu\u015fturan ve \u00e7ok \u00e7e\u015fitli konfig\u00fcrasyonlar ve ta\u015f\u0131nabilirlik se\u00e7enekleriyle gelen bile\u015fenler i\u00e7in depolama birimleridir.<\/td>\n<td><img loading=\"lazy\" decoding=\"async\" class=\"size-medium wp-image-91 aligncenter\" src=\"https:\/\/paksoylojistikbeton.com.tr\/wp-content\/uploads\/2023\/08\/about_picture-300x300.jpg\" alt=\"\" width=\"300\" height=\"300\" srcset=\"https:\/\/paksoylojistikbeton.com.tr\/wp-content\/uploads\/2023\/08\/about_picture-300x300.jpg 300w, https:\/\/paksoylojistikbeton.com.tr\/wp-content\/uploads\/2023\/08\/about_picture-150x150.jpg 150w, https:\/\/paksoylojistikbeton.com.tr\/wp-content\/uploads\/2023\/08\/about_picture.jpg 512w\" sizes=\"(max-width: 300px) 100vw, 300px\" \/><\/td>\n<\/tr>\n<\/tbody>\n<\/table>\n","protected":false},"excerpt":{"rendered":"<p>Beton \u00fcretim end\u00fcstrisinin \u00e7ok \u00e7e\u015fitli ve zorlu taleplerini kar\u015f\u0131lamak \u00fczere tasarlanm\u0131\u015ft\u0131r. Tesis bile\u015fenlerini olu\u015fturmak i\u00e7in yenilik\u00e7i teknolojiler kullan\u0131yor; kolay ta\u015f\u0131nabilirlik ve h\u0131zl\u0131 nakliyat i\u00e7in tasarl\u0131yoruz. Beton Santrali ile birlikte piyasadaki en dayan\u0131kl\u0131 ve g\u00fcvenilir harmanlama tesisleri b\u00fcnyemizde bulunmaktad\u0131r. Makinelerimiz tam otomasyona sahip sistemlerdir. Malzemenin besleyicilere geldi\u011fi andan mikserin \u00e7al\u0131\u015fmas\u0131na kadar t\u00fcm s\u00fcre\u00e7 otomatik olarak ger\u00e7ekle\u015ftirilir<a class=\"moretag\" href=\"https:\/\/paksoylojistikbeton.com.tr\/?page_id=73\"><span class=\"screen-reader-text\">Read more about Beton Santrali<\/span>[&#8230;]<\/a><\/p>\n","protected":false},"author":1,"featured_media":0,"parent":0,"menu_order":0,"comment_status":"closed","ping_status":"closed","template":"","meta":{"footnotes":""},"_links":{"self":[{"href":"https:\/\/paksoylojistikbeton.com.tr\/index.php?rest_route=\/wp\/v2\/pages\/73"}],"collection":[{"href":"https:\/\/paksoylojistikbeton.com.tr\/index.php?rest_route=\/wp\/v2\/pages"}],"about":[{"href":"https:\/\/paksoylojistikbeton.com.tr\/index.php?rest_route=\/wp\/v2\/types\/page"}],"author":[{"embeddable":true,"href":"https:\/\/paksoylojistikbeton.com.tr\/index.php?rest_route=\/wp\/v2\/users\/1"}],"replies":[{"embeddable":true,"href":"https:\/\/paksoylojistikbeton.com.tr\/index.php?rest_route=%2Fwp%2Fv2%2Fcomments&post=73"}],"version-history":[{"count":4,"href":"https:\/\/paksoylojistikbeton.com.tr\/index.php?rest_route=\/wp\/v2\/pages\/73\/revisions"}],"predecessor-version":[{"id":137,"href":"https:\/\/paksoylojistikbeton.com.tr\/index.php?rest_route=\/wp\/v2\/pages\/73\/revisions\/137"}],"wp:attachment":[{"href":"https:\/\/paksoylojistikbeton.com.tr\/index.php?rest_route=%2Fwp%2Fv2%2Fmedia&parent=73"}],"curies":[{"name":"wp","href":"https:\/\/api.w.org\/{rel}","templated":true}]}}