{"id":71,"date":"2023-08-18T16:11:32","date_gmt":"2023-08-18T16:11:32","guid":{"rendered":"https:\/\/paksoylojistikbeton.com.tr\/?page_id=71"},"modified":"2023-08-20T09:02:44","modified_gmt":"2023-08-20T09:02:44","slug":"silobas-nakliye","status":"publish","type":"page","link":"https:\/\/paksoylojistikbeton.com.tr\/?page_id=71","title":{"rendered":"Silobas Nakliye"},"content":{"rendered":"<table border=\"0\" width=\"659\">\n<tbody>\n<tr>\n<td width=\"400\">Silobas Dorse (Treyler) toz \u00e7imento, un, tah\u0131l malzemeleri, kalsit, silis kumu ve benzeri \u00fcr\u00fcnleri ta\u015f\u0131ma ama\u00e7l\u0131 kullan\u0131lmaktad\u0131r. Ana yap\u0131s\u0131 mukavemeti y\u00fcksek \u00e7elikten \u00f6zel toz alt\u0131 kaynak makineleri kullan\u0131larak imal edilir. \u015easi, \u00e7er\u00e7eve ve omurgalar zor arazi \u015fartlar\u0131nda \u00e7al\u0131\u015fmak ve a\u011f\u0131r y\u00fcklemeler i\u00e7in uygundur. Silobas \u015fasisi hafif ve estetik g\u00f6r\u00fcn\u00fcml\u00fc olarak dizayn edilir. Kritik yerlerde \u00f6zel ala\u015f\u0131ml\u0131 \u00e7elikler kullan\u0131l\u0131r. Talebe ve ihtiya\u00e7lara g\u00f6re \u00f6zel tasar\u0131mlar uygulanarak da \u00fcretilebilir.<\/td>\n<td width=\"249\"><img loading=\"lazy\" decoding=\"async\" class=\"size-medium wp-image-150 aligncenter\" src=\"https:\/\/paksoylojistikbeton.com.tr\/wp-content\/uploads\/2023\/08\/76384534-300x195.jpg\" alt=\"\" width=\"300\" height=\"195\" srcset=\"https:\/\/paksoylojistikbeton.com.tr\/wp-content\/uploads\/2023\/08\/76384534-300x195.jpg 300w, https:\/\/paksoylojistikbeton.com.tr\/wp-content\/uploads\/2023\/08\/76384534.jpg 768w\" sizes=\"(max-width: 300px) 100vw, 300px\" \/><\/td>\n<\/tr>\n<tr>\n<td>Paksoy Lojistik silobas dorseleri ile t\u00fcm T\u00fcrkiye\u2019ye sevkiyatlar ger\u00e7ekle\u015ftirilmektedir. Ayr\u0131ca b\u00fcy\u00fck \u00f6l\u00e7ekli i\u015fletmesel ihtiya\u00e7lar i\u00e7in lojistik \u00e7\u00f6z\u00fcmleri sunmaktad\u0131r. Silobaslar\u0131m\u0131z i\u00e7in m\u00fctemadiyen gerekli olan bak\u0131mlar\u0131 g\u00f6rmekte ve gerekli kalibrasyonlar\u0131 yap\u0131lmaktad\u0131r. Paksoy Lojistik her t\u00fcrl\u00fc silobas ihtiya\u00e7lar\u0131n\u0131za h\u0131zl\u0131 ve g\u00fcvenli \u00e7\u00f6z\u00fcmler \u00fcretir.<\/td>\n<td><img loading=\"lazy\" decoding=\"async\" class=\"size-medium wp-image-122 aligncenter\" src=\"https:\/\/paksoylojistikbeton.com.tr\/wp-content\/uploads\/2023\/08\/picture_05-300x218.jpg\" alt=\"\" width=\"300\" height=\"218\" srcset=\"https:\/\/paksoylojistikbeton.com.tr\/wp-content\/uploads\/2023\/08\/picture_05-300x218.jpg 300w, https:\/\/paksoylojistikbeton.com.tr\/wp-content\/uploads\/2023\/08\/picture_05.jpg 678w\" sizes=\"(max-width: 300px) 100vw, 300px\" \/><\/td>\n<\/tr>\n<tr>\n<td>Paksoy Lojistik olarak ta\u015f\u0131mac\u0131l\u0131kta silobas kullan\u0131m\u0131n\u0131n \u00f6neminin fark\u0131nday\u0131z. Hem g\u00f6nderici hem de al\u0131c\u0131 i\u00e7in \u00e7e\u015fitli faydalar\u0131 olan bir y\u00f6ntemdir. Silobas kamyon g\u00fcc\u00fcyle \u00e7ekilebilmektedir. Bu \u015fekilde ta\u015f\u0131nabilen yap\u0131 sekt\u00f6r\u00fcne ait kuru y\u00fckler h\u0131zl\u0131 ve g\u00fcvenli bir \u015fekilde hedef noktaya teslim edilebilir. Silobas kullan\u0131m\u0131n\u0131n faydalar\u0131ndan k\u0131saca s\u00f6z etmek yararl\u0131 olabilir.<\/p>\n<ul>\n<li>En Verimli Depolama: Toz ve gran\u00fcl haldeki materyaller i\u00e7in \u00f6zel olarak silindirik \u015fekilde \u00fcretilmi\u015ftir. Bu sayede en az alanla en fazla y\u00fck\u00fc ta\u015f\u0131yabilme \u00f6zelli\u011fine sahiptir.<\/li>\n<li>Kolay Bo\u015falt\u0131m: Sahip oldu\u011fu bas\u0131n\u00e7l\u0131 p\u00fcsk\u00fcrtme teknolojisiyle i\u00e7indeki y\u00fck\u00fc k\u0131sa s\u00fcrede bo\u015faltabilir. Ayr\u0131ca bo\u015falt\u0131m kanallar\u0131n\u0131n konumu sayesinde de do\u011frudan hedef noktaya bo\u015falt\u0131m sa\u011flanabilir. Bu sayede ciddi bir emek ve zaman tasarrufu sa\u011flar.<\/li>\n<li>Esnek Y\u00fckleme: \u00d6zellikle \u00e7imento gibi malzemeler i\u00e7in d\u00fc\u015f\u00fcn\u00fcld\u00fc\u011f\u00fcnde paketli ambalajlar kullanmak zorunda kalmazs\u0131n\u0131z. Silobas kamyon ta\u015f\u0131mac\u0131l\u0131\u011f\u0131 sayesinde tam olarak ihtiya\u00e7 kadar malzemeyi sipari\u015f ederek transfer ettirme olana\u011f\u0131na sahip olmaktas\u0131n\u0131z.<\/li>\n<li>\u0130sraf \u00d6nleme: D\u0131\u015f hava ve suya tamamen kapal\u0131 olmas\u0131 nedeniyle ta\u015f\u0131d\u0131\u011f\u0131 \u00fcr\u00fcnleri koruma \u00f6zelli\u011fine sahiptir. Yaln\u0131zca dorse i\u00e7erisinde hava sirk\u00fclasyonu sa\u011flayan bir teknolojiye sahiptir. B\u00f6ylelikle uzun saatler s\u00fcren yolculuklarda bile i\u00e7indeki y\u00fckler bozulmadan hedefe ula\u015ft\u0131r\u0131labilir. Ayr\u0131ca \u00e7imento, un gibi malzemelerin u\u00e7arak hava kar\u0131\u015fmas\u0131 da \u00f6nlenir.<\/li>\n<li>\u00c7evre Dostu: \u0130\u00e7inde ta\u015f\u0131d\u0131\u011f\u0131 toz halindeki y\u00fcklerin havayla temas etmesi s\u00f6z konusu de\u011fildir. Bu sebeple de havaya kar\u0131\u015fmayan malzemelerin hava kirlili\u011fine yol a\u00e7mad\u0131\u011f\u0131 s\u00f6ylenebilir.<\/li>\n<\/ul>\n<\/td>\n<td><img loading=\"lazy\" decoding=\"async\" class=\"size-medium wp-image-160 aligncenter\" src=\"https:\/\/paksoylojistikbeton.com.tr\/wp-content\/uploads\/2023\/08\/45635463546-300x179.jpg\" alt=\"\" width=\"300\" height=\"179\" srcset=\"https:\/\/paksoylojistikbeton.com.tr\/wp-content\/uploads\/2023\/08\/45635463546-300x179.jpg 300w, https:\/\/paksoylojistikbeton.com.tr\/wp-content\/uploads\/2023\/08\/45635463546-768x458.jpg 768w, https:\/\/paksoylojistikbeton.com.tr\/wp-content\/uploads\/2023\/08\/45635463546.jpg 1024w\" sizes=\"(max-width: 300px) 100vw, 300px\" \/><\/td>\n<\/tr>\n<\/tbody>\n<\/table>\n","protected":false},"excerpt":{"rendered":"<p>Silobas Dorse (Treyler) toz \u00e7imento, un, tah\u0131l malzemeleri, kalsit, silis kumu ve benzeri \u00fcr\u00fcnleri ta\u015f\u0131ma ama\u00e7l\u0131 kullan\u0131lmaktad\u0131r. Ana yap\u0131s\u0131 mukavemeti y\u00fcksek \u00e7elikten \u00f6zel toz alt\u0131 kaynak makineleri kullan\u0131larak imal edilir. \u015easi, \u00e7er\u00e7eve ve omurgalar zor arazi \u015fartlar\u0131nda \u00e7al\u0131\u015fmak ve a\u011f\u0131r y\u00fcklemeler i\u00e7in uygundur. Silobas \u015fasisi hafif ve estetik g\u00f6r\u00fcn\u00fcml\u00fc olarak dizayn edilir. Kritik yerlerde \u00f6zel<a class=\"moretag\" href=\"https:\/\/paksoylojistikbeton.com.tr\/?page_id=71\"><span class=\"screen-reader-text\">Read more about Silobas Nakliye<\/span>[&#8230;]<\/a><\/p>\n","protected":false},"author":1,"featured_media":0,"parent":0,"menu_order":0,"comment_status":"closed","ping_status":"closed","template":"","meta":{"footnotes":""},"_links":{"self":[{"href":"https:\/\/paksoylojistikbeton.com.tr\/index.php?rest_route=\/wp\/v2\/pages\/71"}],"collection":[{"href":"https:\/\/paksoylojistikbeton.com.tr\/index.php?rest_route=\/wp\/v2\/pages"}],"about":[{"href":"https:\/\/paksoylojistikbeton.com.tr\/index.php?rest_route=\/wp\/v2\/types\/page"}],"author":[{"embeddable":true,"href":"https:\/\/paksoylojistikbeton.com.tr\/index.php?rest_route=\/wp\/v2\/users\/1"}],"replies":[{"embeddable":true,"href":"https:\/\/paksoylojistikbeton.com.tr\/index.php?rest_route=%2Fwp%2Fv2%2Fcomments&post=71"}],"version-history":[{"count":5,"href":"https:\/\/paksoylojistikbeton.com.tr\/index.php?rest_route=\/wp\/v2\/pages\/71\/revisions"}],"predecessor-version":[{"id":161,"href":"https:\/\/paksoylojistikbeton.com.tr\/index.php?rest_route=\/wp\/v2\/pages\/71\/revisions\/161"}],"wp:attachment":[{"href":"https:\/\/paksoylojistikbeton.com.tr\/index.php?rest_route=%2Fwp%2Fv2%2Fmedia&parent=71"}],"curies":[{"name":"wp","href":"https:\/\/api.w.org\/{rel}","templated":true}]}}