{"id":16,"date":"2023-08-17T15:08:50","date_gmt":"2023-08-17T15:08:50","guid":{"rendered":"https:\/\/paksoylojistikbeton.com.tr\/?page_id=16"},"modified":"2023-08-20T08:53:39","modified_gmt":"2023-08-20T08:53:39","slug":"kurumsal","status":"publish","type":"page","link":"https:\/\/paksoylojistikbeton.com.tr\/?page_id=16","title":{"rendered":"Kurumsal"},"content":{"rendered":"<table border=\"0\" width=\"700\">\n<tbody>\n<tr>\n<td width=\"400\"><b>\u0130lk ba\u015flang\u0131\u00e7ta biz&#8230;<\/b><br \/>\n1980 y\u0131l\u0131nda ilk olarak hizmet hayat\u0131na ba\u015flayan Paksoy Lojistik, 1985&#8217;te Anonim \u015eirket \u00fcnvan\u0131na ge\u00e7erek silobas nakliyat alan\u0131nda bir\u00e7ok ba\u015far\u0131l\u0131 i\u015flere imza atm\u0131\u015ft\u0131r. Maden nakliyesi, Organik G\u00fcbre Nakliyesi, Feldspat Nakliye, \u00c7imento Nakliyesi ve K\u00fcl Nakliyesi bran\u015flar\u0131nda hizmet veren \u015firketimiz 100 ara\u00e7l\u0131k T\u0131r park\u0131 ile h\u0131zl\u0131 ve etkili \u00e7\u00f6z\u00fcmler sunmaya devam ediyor.<\/td>\n<td width=\"250\"><\/td>\n<\/tr>\n<tr>\n<td><b>Yerimiz&#8230;<\/b><br \/>\nEski\u015fehir \u00c7ukurhisar b\u00f6lgesinde 20 d\u00f6n\u00fcml\u00fck arazi \u00fczerine kurulu olan i\u015fletmemizde 15&#8217;i beton mikseri ve 3&#8217;\u00fc beton pompas\u0131 olmak \u00fczere 120 ara\u00e7l\u0131k filomuz ile hizmet vermekteyiz. Sahip oldu\u011fumuz \u015firket merkezimizin stratejik konumu sebebiyle olanaklar\u0131m\u0131z dahilinde T\u00fcrkiye&#8217;nin d\u00f6rt bir yerine h\u0131zl\u0131 teslimatlar ger\u00e7ekle\u015ftirebilmekteyiz.<\/td>\n<td><img loading=\"lazy\" decoding=\"async\" class=\"size-medium wp-image-121 aligncenter\" src=\"https:\/\/paksoylojistikbeton.com.tr\/wp-content\/uploads\/2023\/08\/picture_04-300x207.jpg\" alt=\"\" width=\"300\" height=\"207\" srcset=\"https:\/\/paksoylojistikbeton.com.tr\/wp-content\/uploads\/2023\/08\/picture_04-300x207.jpg 300w, https:\/\/paksoylojistikbeton.com.tr\/wp-content\/uploads\/2023\/08\/picture_04-768x531.jpg 768w, https:\/\/paksoylojistikbeton.com.tr\/wp-content\/uploads\/2023\/08\/picture_04.jpg 1024w\" sizes=\"(max-width: 300px) 100vw, 300px\" \/><\/td>\n<\/tr>\n<tr>\n<td><b>Olanaklar\u0131m\u0131z&#8230;<\/b><br \/>\n\u0130\u015fletme s\u0131n\u0131rlar\u0131m\u0131z dahilinde bir adet beton satralimiz mevcut olup, haz\u0131r beton ve d\u00f6kme beton ihtiya\u00e7lar\u0131n\u0131z\u0131 beton mikserlerimiz ve beton pompalar\u0131m\u0131zla an\u0131nda kar\u015f\u0131layabilmekteyiz. Yeni yap\u0131lan y\u00f6netim ofisimiz ile s\u00fcrekli kendimizi sizler i\u00e7in geli\u015ftirmeye devam ediyoruz. Toplamda 120 ara\u00e7tan olu\u015fan filomuz ile h\u0131zl\u0131 \u00e7\u00f6z\u00fcmler \u00fcretebiliyoruz.<\/td>\n<td><img loading=\"lazy\" decoding=\"async\" class=\"size-medium wp-image-122 aligncenter\" src=\"https:\/\/paksoylojistikbeton.com.tr\/wp-content\/uploads\/2023\/08\/picture_05-300x218.jpg\" alt=\"\" width=\"300\" height=\"218\" srcset=\"https:\/\/paksoylojistikbeton.com.tr\/wp-content\/uploads\/2023\/08\/picture_05-300x218.jpg 300w, https:\/\/paksoylojistikbeton.com.tr\/wp-content\/uploads\/2023\/08\/picture_05.jpg 678w\" sizes=\"(max-width: 300px) 100vw, 300px\" \/><\/td>\n<\/tr>\n<tr>\n<td><b>Kalite anlay\u0131\u015f\u0131m\u0131z&#8230;<\/b><br \/>\nSahip oldu\u011fumuz kalite belgelerimiz sayesinde hizmetlerimizde belli standartlarda \u00fcr\u00fcn \u00e7\u0131kt\u0131s\u0131 ve hizmet \u00e7\u0131kt\u0131s\u0131 verebilmekteyiz. ISO 9001:2002 ve CERT 10001:1200 kalite belgeleri ile ihtiya\u00e7lar\u0131n\u0131z\u0131 kalite kesintilerine u\u011framadan kar\u015f\u0131layabilmekteyiz.<\/td>\n<td><img loading=\"lazy\" decoding=\"async\" class=\"size-medium wp-image-123 aligncenter\" src=\"https:\/\/paksoylojistikbeton.com.tr\/wp-content\/uploads\/2023\/08\/picture_06-300x212.jpg\" alt=\"\" width=\"300\" height=\"212\" srcset=\"https:\/\/paksoylojistikbeton.com.tr\/wp-content\/uploads\/2023\/08\/picture_06-300x212.jpg 300w, https:\/\/paksoylojistikbeton.com.tr\/wp-content\/uploads\/2023\/08\/picture_06.jpg 707w\" sizes=\"(max-width: 300px) 100vw, 300px\" \/><\/td>\n<\/tr>\n<tr>\n<td><b>Sonu\u00e7 olarak&#8230;<\/b><br \/>\nBiz sizlerle birlikte b\u00fcy\u00fck bir aileyiz. Sahip oldu\u011fumuz olanaklar\u0131m\u0131z ve teknolojilerimiz sayesinde en iyi hizmet ve kaliteyi sunmaktay\u0131z. H\u0131zl\u0131, kaliteli ve etkin \u00e7\u00f6z\u00fcmler olu\u015fturup, sizlerle birlikte aile olabilmekten gurur duyuyoruz.<\/td>\n<td><img loading=\"lazy\" decoding=\"async\" class=\"size-medium wp-image-153 aligncenter\" src=\"https:\/\/paksoylojistikbeton.com.tr\/wp-content\/uploads\/2023\/08\/46346546-300x148.jpg\" alt=\"\" width=\"300\" height=\"148\" srcset=\"https:\/\/paksoylojistikbeton.com.tr\/wp-content\/uploads\/2023\/08\/46346546-300x148.jpg 300w, https:\/\/paksoylojistikbeton.com.tr\/wp-content\/uploads\/2023\/08\/46346546-768x380.jpg 768w, https:\/\/paksoylojistikbeton.com.tr\/wp-content\/uploads\/2023\/08\/46346546.jpg 1024w\" sizes=\"(max-width: 300px) 100vw, 300px\" \/><\/td>\n<\/tr>\n<\/tbody>\n<\/table>\n","protected":false},"excerpt":{"rendered":"<p>\u0130lk ba\u015flang\u0131\u00e7ta biz&#8230; 1980 y\u0131l\u0131nda ilk olarak hizmet hayat\u0131na ba\u015flayan Paksoy Lojistik, 1985&#8217;te Anonim \u015eirket \u00fcnvan\u0131na ge\u00e7erek silobas nakliyat alan\u0131nda bir\u00e7ok ba\u015far\u0131l\u0131 i\u015flere imza atm\u0131\u015ft\u0131r. Maden nakliyesi, Organik G\u00fcbre Nakliyesi, Feldspat Nakliye, \u00c7imento Nakliyesi ve K\u00fcl Nakliyesi bran\u015flar\u0131nda hizmet veren \u015firketimiz 100 ara\u00e7l\u0131k T\u0131r park\u0131 ile h\u0131zl\u0131 ve etkili \u00e7\u00f6z\u00fcmler sunmaya devam ediyor. Yerimiz&#8230; Eski\u015fehir<a class=\"moretag\" href=\"https:\/\/paksoylojistikbeton.com.tr\/?page_id=16\"><span class=\"screen-reader-text\">Read more about Kurumsal<\/span>[&#8230;]<\/a><\/p>\n","protected":false},"author":1,"featured_media":0,"parent":0,"menu_order":0,"comment_status":"closed","ping_status":"closed","template":"","meta":{"footnotes":""},"_links":{"self":[{"href":"https:\/\/paksoylojistikbeton.com.tr\/index.php?rest_route=\/wp\/v2\/pages\/16"}],"collection":[{"href":"https:\/\/paksoylojistikbeton.com.tr\/index.php?rest_route=\/wp\/v2\/pages"}],"about":[{"href":"https:\/\/paksoylojistikbeton.com.tr\/index.php?rest_route=\/wp\/v2\/types\/page"}],"author":[{"embeddable":true,"href":"https:\/\/paksoylojistikbeton.com.tr\/index.php?rest_route=\/wp\/v2\/users\/1"}],"replies":[{"embeddable":true,"href":"https:\/\/paksoylojistikbeton.com.tr\/index.php?rest_route=%2Fwp%2Fv2%2Fcomments&post=16"}],"version-history":[{"count":6,"href":"https:\/\/paksoylojistikbeton.com.tr\/index.php?rest_route=\/wp\/v2\/pages\/16\/revisions"}],"predecessor-version":[{"id":155,"href":"https:\/\/paksoylojistikbeton.com.tr\/index.php?rest_route=\/wp\/v2\/pages\/16\/revisions\/155"}],"wp:attachment":[{"href":"https:\/\/paksoylojistikbeton.com.tr\/index.php?rest_route=%2Fwp%2Fv2%2Fmedia&parent=16"}],"curies":[{"name":"wp","href":"https:\/\/api.w.org\/{rel}","templated":true}]}}