{"id":109,"date":"2023-08-19T10:46:55","date_gmt":"2023-08-19T10:46:55","guid":{"rendered":"https:\/\/paksoylojistikbeton.com.tr\/?page_id=109"},"modified":"2023-08-20T06:59:39","modified_gmt":"2023-08-20T06:59:39","slug":"dokme-cimento","status":"publish","type":"page","link":"https:\/\/paksoylojistikbeton.com.tr\/?page_id=109","title":{"rendered":"D\u00f6kme \u00c7imento"},"content":{"rendered":"<table border=\"0\" width=\"659\">\n<tbody>\n<tr>\n<td width=\"400\">\n<h2>D\u00f6kme \u00c7imento Nedir?<\/h2>\n<p>D\u00f6kme \u00e7imento, in\u015faat sekt\u00f6r\u00fcnde yayg\u0131n olarak kullan\u0131lan bir yap\u0131 malzemesidir.\u00a0\u00c7imento\u00a0klinkeri ve belirli \u00f6l\u00e7\u00fclerdeki katk\u0131 maddelerinin \u00f6\u011f\u00fct\u00fclmesiyle elde edilen bir yap\u0131 malzemesidir. D\u00f6kme \u00e7imento, b\u00fcy\u00fck silolarda depolan\u0131r ve \u00f6zel ekipmanlar kullan\u0131larak ta\u015f\u0131n\u0131r ve yerle\u015ftirilir.<\/td>\n<td width=\"249\"><img loading=\"lazy\" decoding=\"async\" class=\"size-medium wp-image-100 aligncenter\" src=\"https:\/\/paksoylojistikbeton.com.tr\/wp-content\/uploads\/2023\/08\/picture-01-225x300.jpg\" alt=\"\" width=\"225\" height=\"300\" srcset=\"https:\/\/paksoylojistikbeton.com.tr\/wp-content\/uploads\/2023\/08\/picture-01-225x300.jpg 225w, https:\/\/paksoylojistikbeton.com.tr\/wp-content\/uploads\/2023\/08\/picture-01.jpg 768w\" sizes=\"(max-width: 225px) 100vw, 225px\" \/><\/td>\n<\/tr>\n<tr>\n<td>\n<h2>D\u00f6kme \u00c7imento Kullan\u0131m Alanlar\u0131<\/h2>\n<p>D\u00f6kme \u00e7imento, geni\u015f bir kullan\u0131m alan\u0131na sahiptir. \u0130n\u015faat sekt\u00f6r\u00fcnde beton \u00fcretimi, temel yap\u0131larda, yollarda, k\u00f6pr\u00fclerde, barajlarda, limanlarda ve altyap\u0131 projelerinde yayg\u0131n olarak tercih edilmektedir. B\u00fcy\u00fck \u00f6l\u00e7ekli in\u015faat projelerinde kullan\u0131m\u0131 \u00f6zellikle \u00f6nemlidir.<\/td>\n<td><img loading=\"lazy\" decoding=\"async\" class=\"size-medium wp-image-139 aligncenter\" src=\"https:\/\/paksoylojistikbeton.com.tr\/wp-content\/uploads\/2023\/08\/thumbs_b_c_01cddc2e1ddebbebb15dafc204bb53f0-300x169.jpg\" alt=\"\" width=\"300\" height=\"169\" srcset=\"https:\/\/paksoylojistikbeton.com.tr\/wp-content\/uploads\/2023\/08\/thumbs_b_c_01cddc2e1ddebbebb15dafc204bb53f0-300x169.jpg 300w, https:\/\/paksoylojistikbeton.com.tr\/wp-content\/uploads\/2023\/08\/thumbs_b_c_01cddc2e1ddebbebb15dafc204bb53f0-768x432.jpg 768w, https:\/\/paksoylojistikbeton.com.tr\/wp-content\/uploads\/2023\/08\/thumbs_b_c_01cddc2e1ddebbebb15dafc204bb53f0.jpg 864w\" sizes=\"(max-width: 300px) 100vw, 300px\" \/><\/td>\n<\/tr>\n<tr>\n<td>\n<h2>D\u00f6kme \u00c7imento Avantajlar\u0131<\/h2>\n<p>D\u00f6kme \u00e7imento kullanman\u0131n bir\u00e7ok avantaj\u0131 vard\u0131r. \u0130lk olarak, y\u00fcksek dayan\u0131kl\u0131l\u0131\u011fa sahiptir ve uzun \u00f6m\u00fcrl\u00fc yap\u0131lar\u0131n olu\u015fturulmas\u0131na yard\u0131mc\u0131 olur. Ayr\u0131ca, su ge\u00e7irmezlik \u00f6zelli\u011fi sayesinde yap\u0131lar\u0131n nemden etkilenmesini engeller. Y\u00fcksek mukavemeti ve yang\u0131na dayan\u0131kl\u0131l\u0131\u011f\u0131 ile yap\u0131lar\u0131n g\u00fcvenli\u011fini art\u0131r\u0131r. D\u00f6kme \u00e7imento, betonarme yap\u0131lar\u0131n dayan\u0131kl\u0131l\u0131\u011f\u0131n\u0131 ve stabilitesini sa\u011flar. Ayr\u0131ca, uygulama kolayl\u0131\u011f\u0131 sa\u011flayarak i\u015f\u00e7ilik maliyetlerini azalt\u0131r.<\/td>\n<td><img loading=\"lazy\" decoding=\"async\" class=\"wp-image-103 size-medium aligncenter\" src=\"https:\/\/paksoylojistikbeton.com.tr\/wp-content\/uploads\/2023\/08\/picture_02-225x300.jpg\" alt=\"\" width=\"225\" height=\"300\" srcset=\"https:\/\/paksoylojistikbeton.com.tr\/wp-content\/uploads\/2023\/08\/picture_02-225x300.jpg 225w, https:\/\/paksoylojistikbeton.com.tr\/wp-content\/uploads\/2023\/08\/picture_02.jpg 768w\" sizes=\"(max-width: 225px) 100vw, 225px\" \/><\/td>\n<\/tr>\n<tr>\n<td>\n<h2>B\u00fcnyemizde D\u00f6kme \u00c7imento<\/h2>\n<p>Y\u00fcksek kalite standartlar\u0131na uygun olarak \u00fcretim yapmaktad\u0131r. B\u00fcnyemizdeki tesislerde ileri teknolojiler kullan\u0131larak d\u00f6kme \u00e7imento \u00fcretimi ger\u00e7ekle\u015ftirilir. Kaliteli hammaddelerin kullan\u0131m\u0131 ve s\u00fcrekli kalite kontrol \u00f6nlemleriyle m\u00fc\u015fterilere g\u00fcvenilir bir \u00fcr\u00fcn sunulur.<\/td>\n<td><img loading=\"lazy\" decoding=\"async\" class=\"size-medium wp-image-100 aligncenter\" src=\"https:\/\/paksoylojistikbeton.com.tr\/wp-content\/uploads\/2023\/08\/picture-01-225x300.jpg\" alt=\"\" width=\"225\" height=\"300\" srcset=\"https:\/\/paksoylojistikbeton.com.tr\/wp-content\/uploads\/2023\/08\/picture-01-225x300.jpg 225w, https:\/\/paksoylojistikbeton.com.tr\/wp-content\/uploads\/2023\/08\/picture-01.jpg 768w\" sizes=\"(max-width: 225px) 100vw, 225px\" \/><\/td>\n<\/tr>\n<tr>\n<td>\n<h2>D\u00f6kme \u00c7imento Hizmetlerimiz<\/h2>\n<p>M\u00fc\u015fterilerimize birinci s\u0131n\u0131f d\u00f6kme \u00e7imento hizmetleri sunmaktay\u0131z. M\u00fc\u015fteri odakl\u0131 bir yakla\u015f\u0131mla \u00e7al\u0131\u015farak, zaman\u0131nda teslimat, teknik destek ve sat\u0131\u015f sonras\u0131 hizmetler sa\u011flar\u0131z. Geni\u015f bir da\u011f\u0131t\u0131m a\u011f\u0131m\u0131z ve g\u00fc\u00e7l\u00fc lojistik yeteneklerimiz sayesinde d\u00f6kme \u00e7imento m\u00fc\u015fterilere h\u0131zl\u0131 ve g\u00fcvenli bir \u015fekilde ula\u015ft\u0131r\u0131l\u0131r. M\u00fc\u015fterilerimizin ihtiya\u00e7lar\u0131na uygun \u00e7\u00f6z\u00fcmler sunarak, in\u015faat projelerinin ba\u015far\u0131yla tamamlanmas\u0131na katk\u0131da bulunuruz.<\/td>\n<td><img loading=\"lazy\" decoding=\"async\" class=\"size-medium wp-image-140 aligncenter\" src=\"https:\/\/paksoylojistikbeton.com.tr\/wp-content\/uploads\/2023\/08\/687674354-225x300.jpg\" alt=\"\" width=\"225\" height=\"300\" srcset=\"https:\/\/paksoylojistikbeton.com.tr\/wp-content\/uploads\/2023\/08\/687674354-225x300.jpg 225w, https:\/\/paksoylojistikbeton.com.tr\/wp-content\/uploads\/2023\/08\/687674354.jpg 768w\" sizes=\"(max-width: 225px) 100vw, 225px\" \/><\/td>\n<\/tr>\n<tr>\n<td>\n<h2>D\u00f6kme \u00c7imento: G\u00fcvenilirlik ve Dayan\u0131kl\u0131l\u0131k<\/h2>\n<p>D\u00f6kme \u00e7imento, in\u015faat sekt\u00f6r\u00fcnde g\u00fcvenilirlik ve dayan\u0131kl\u0131l\u0131k arayan m\u00fc\u015fteriler i\u00e7in \u00f6nemli bir se\u00e7enektir. Y\u00fcksek kaliteli d\u00f6kme \u00e7imento \u00fcretimi ve m\u00fc\u015fteri odakl\u0131 hizmetleri, in\u015faat projelerinin ba\u015far\u0131l\u0131 bir \u015fekilde tamamlanmas\u0131na katk\u0131 sa\u011flar. Sekt\u00f6rdeki tecr\u00fcbemiz ve g\u00fcvenilirli\u011fimizle d\u00f6kme \u00e7imento taleplerini kar\u015f\u0131lamakta ve m\u00fc\u015fteri memnuniyetini \u00f6n planda tutmaktay\u0131z.<\/td>\n<td><img loading=\"lazy\" decoding=\"async\" class=\"size-medium wp-image-123 aligncenter\" src=\"https:\/\/paksoylojistikbeton.com.tr\/wp-content\/uploads\/2023\/08\/picture_06-300x212.jpg\" alt=\"\" width=\"300\" height=\"212\" srcset=\"https:\/\/paksoylojistikbeton.com.tr\/wp-content\/uploads\/2023\/08\/picture_06-300x212.jpg 300w, https:\/\/paksoylojistikbeton.com.tr\/wp-content\/uploads\/2023\/08\/picture_06.jpg 707w\" sizes=\"(max-width: 300px) 100vw, 300px\" \/><\/td>\n<\/tr>\n<\/tbody>\n<\/table>\n","protected":false},"excerpt":{"rendered":"<p>D\u00f6kme \u00c7imento Nedir? D\u00f6kme \u00e7imento, in\u015faat sekt\u00f6r\u00fcnde yayg\u0131n olarak kullan\u0131lan bir yap\u0131 malzemesidir.\u00a0\u00c7imento\u00a0klinkeri ve belirli \u00f6l\u00e7\u00fclerdeki katk\u0131 maddelerinin \u00f6\u011f\u00fct\u00fclmesiyle elde edilen bir yap\u0131 malzemesidir. D\u00f6kme \u00e7imento, b\u00fcy\u00fck silolarda depolan\u0131r ve \u00f6zel ekipmanlar kullan\u0131larak ta\u015f\u0131n\u0131r ve yerle\u015ftirilir. D\u00f6kme \u00c7imento Kullan\u0131m Alanlar\u0131 D\u00f6kme \u00e7imento, geni\u015f bir kullan\u0131m alan\u0131na sahiptir. \u0130n\u015faat sekt\u00f6r\u00fcnde beton \u00fcretimi, temel yap\u0131larda, yollarda, k\u00f6pr\u00fclerde,<a class=\"moretag\" href=\"https:\/\/paksoylojistikbeton.com.tr\/?page_id=109\"><span class=\"screen-reader-text\">Read more about D\u00f6kme \u00c7imento<\/span>[&#8230;]<\/a><\/p>\n","protected":false},"author":1,"featured_media":0,"parent":0,"menu_order":0,"comment_status":"closed","ping_status":"closed","template":"","meta":{"footnotes":""},"_links":{"self":[{"href":"https:\/\/paksoylojistikbeton.com.tr\/index.php?rest_route=\/wp\/v2\/pages\/109"}],"collection":[{"href":"https:\/\/paksoylojistikbeton.com.tr\/index.php?rest_route=\/wp\/v2\/pages"}],"about":[{"href":"https:\/\/paksoylojistikbeton.com.tr\/index.php?rest_route=\/wp\/v2\/types\/page"}],"author":[{"embeddable":true,"href":"https:\/\/paksoylojistikbeton.com.tr\/index.php?rest_route=\/wp\/v2\/users\/1"}],"replies":[{"embeddable":true,"href":"https:\/\/paksoylojistikbeton.com.tr\/index.php?rest_route=%2Fwp%2Fv2%2Fcomments&post=109"}],"version-history":[{"count":6,"href":"https:\/\/paksoylojistikbeton.com.tr\/index.php?rest_route=\/wp\/v2\/pages\/109\/revisions"}],"predecessor-version":[{"id":142,"href":"https:\/\/paksoylojistikbeton.com.tr\/index.php?rest_route=\/wp\/v2\/pages\/109\/revisions\/142"}],"wp:attachment":[{"href":"https:\/\/paksoylojistikbeton.com.tr\/index.php?rest_route=%2Fwp%2Fv2%2Fmedia&parent=109"}],"curies":[{"name":"wp","href":"https:\/\/api.w.org\/{rel}","templated":true}]}}